{"id":1167,"date":"2025-05-27T13:17:56","date_gmt":"2025-05-27T13:17:56","guid":{"rendered":"https:\/\/www.drmariafarkas.com\/?page_id=1167"},"modified":"2025-08-26T09:02:46","modified_gmt":"2025-08-26T09:02:46","slug":"adatvedelmi-nyilatkozat","status":"publish","type":"page","link":"https:\/\/www.drmariafarkas.com\/en\/privacy-policy\/","title":{"rendered":"Privacy Policy"},"content":{"rendered":"<div data-elementor-type=\"wp-page\" data-elementor-id=\"1167\" class=\"elementor elementor-1167\" data-elementor-post-type=\"page\">\n\t\t\t\t<div class=\"elementor-element elementor-element-bbef9d3 e-flex e-con-boxed e-con e-parent\" data-id=\"bbef9d3\" data-element_type=\"container\" data-settings=\"{&quot;background_background&quot;:&quot;classic&quot;}\">\n\t\t\t\t\t<div class=\"e-con-inner\">\n\t\t<div class=\"elementor-element elementor-element-5c46ef4 e-con-full e-flex e-con e-child\" data-id=\"5c46ef4\" data-element_type=\"container\">\n\t\t\t\t<div class=\"elementor-element elementor-element-8a933be elementor-widget elementor-widget-heading\" data-id=\"8a933be\" data-element_type=\"widget\" data-widget_type=\"heading.default\">\n\t\t\t\t<div class=\"elementor-widget-container\">\n\t\t\t\t\t<h1 class=\"elementor-heading-title elementor-size-default\">Privacy Policy<\/h1>\t\t\t\t<\/div>\n\t\t\t\t<\/div>\n\t\t\t\t<\/div>\n\t\t\t\t\t<\/div>\n\t\t\t\t<\/div>\n\t\t<div class=\"elementor-element elementor-element-275d5f1 e-flex e-con-boxed e-con e-parent\" data-id=\"275d5f1\" data-element_type=\"container\">\n\t\t\t\t\t<div class=\"e-con-inner\">\n\t\t\t\t<div class=\"elementor-element elementor-element-dd7a057 elementor-widget elementor-widget-text-editor\" data-id=\"dd7a057\" data-element_type=\"widget\" data-widget_type=\"text-editor.default\">\n\t\t\t\t<div class=\"elementor-widget-container\">\n\t\t\t\t\t\t\t\t\t<p>The purpose of this document is to outline the data protection rules, procedures, and security measures applied and enforced by Dr. M\u00e1ria Farkas, as the Data Controller (hereinafter referred to uniformly as the \"Data Controller\"), in relation to personal data managed within her organization. In this Privacy Policy, the Data Controller also informs clients, partners, and any natural or legal persons who are in any legally relevant relationship with the Data Controller and whose personal data may be processed as a result, about the rules governing the handling of personal data, the applied protection measures, procedures, and the methods of data processing.<\/p><p>The Data Controller considers the provisions, regulations, and obligations described in this Privacy Policy to be legally binding and applies them in the course of her operations. The Data Controller declares that the data protection rules and procedures described and implemented in this document comply with the applicable national and European Union data protection legislation. Furthermore, the Data Controller emphasizes the importance of the right to informational self-determination, particularly with regard to personal data, and undertakes to implement all available organizational, operational, regulatory, and technological measures within her scope to ensure the enforcement and protection of these rights. This Privacy Policy may be amended by the Data Controller at any time, with appropriate publication and notification of the Data Subjects.<\/p><h3><strong>Data Controller Information<\/strong><\/h3><p class=\" translation-block\"><strong>N\u00e9v:<\/strong> Dr. Farkas M\u00e1ria<\/p><p><strong>Registered Office: <\/strong>Schneebelistrasse 7, 8048 Z\u00fcrich, Switzerland<\/p><p><strong>Phone Number: <\/strong>+36 30 284 2520; +41 76 296 6785<\/p><p><strong>E-mail:<\/strong>\u00a0info@drmariafarkas.com<\/p><h3><strong>Contact Information of the Data Controller<\/strong><\/h3><p>For any data protection-related inquiries, the Data Controller can be contacted at: info@drmariafarkas.com<\/p><p>The Data Controller retains data protection-related inquiries (emails) only for the period necessary as defined by the applicable data processing purpose. After this period, the data is permanently deleted in an irreversible manner.<\/p><h3><strong>Data Processors<\/strong><\/h3><p>A data processor is a natural or legal person, public authority, agency, or any other body that processes personal data on behalf of the Data Controller. The involvement of a data processor does not require the prior consent of the data subject; however, the Data Controller is obliged to inform data subjects about the fact of data transfer. Accordingly, we provide the following information: the Data Controller uses data processors for the operation and maintenance of her website. These processors provide IT services (such as web hosting) and, in that context, may process the personal data provided via the website. The processing activity performed by these IT service providers consists of storing personal data on a secure server. Each data processor has its own Privacy Policy, in which they guarantee compliance with applicable legal requirements.<\/p><h3><strong>IT Service Provider of the Data Controller<\/strong><\/h3><p><strong>Name:<\/strong>\u00a0T\u00e1rhely.Eu Szolg\u00e1ltat\u00f3 Kft.<\/p><p><strong>Phone Number:<\/strong>\u00a0+36 1 789 2 789<\/p><p><strong>Email address\u00a0<\/strong><a href=\"https:\/\/ugyfeladmin.tarhely.eu\/submitticket.php?language=english\">https:\/\/ugyfeladmin.tarhely.eu\/submitticket.php?language=english<\/a>\u00a0\u00a0<\/p><h3><strong>Data Processing by the Data Controller and Types of Personal Data Processed<\/strong><\/h3><h4><strong>Personal Data Related to Online Administration:<\/strong><\/h4><ul><li>Name<\/li><li>E-mail<\/li><\/ul><h3><strong>Technical Data<\/strong><\/h3><p>Technical data refers to information that is mostly generated and recorded automatically during the operation of the Data Controller\u2019s systems. Some technical data may be stored and automatically logged by the system without the explicit statement or action of the data subject. Technical data alone cannot directly identify the data subject but can be combined with user data, making identification theoretically possible. The Data Controller does not create such links, except where legally required to do so. Access to technical data is restricted solely to the Data Controller and its Data Processors.<\/p><h3><strong>Browser Cookies<\/strong><\/h3><p class=\" translation-block\">An HTTP cookie (or cookie) is a small data package created by the server of the website visited via the client\u2019s web browser, during the first visit, if cookies are enabled in the browser. Cookies are stored on the user's computer in browser-specific locations. On subsequent visits, the browser sends the stored cookie back to the web server along with various information about the client.<\/p><p>Cookies enable the server to identify the user, collect various information about them, and perform analyses based on this data.<\/p><p><strong>Main functions of cookies include:<\/strong><\/p><ul><li>Main functions of cookies include;<\/li><li>Remembering visitors\u2019 individual settings, which can be used, for example, when performing online transactions to avoid re-entering data;<\/li><li>Facilitating, simplifying, and enhancing the usability and smoothness of the website;<\/li><li>Eliminating the need to re-enter previously provided data;<\/li><li>Generally improving the user experience.<\/li><\/ul><p><strong>The Data Controller processes data through the use of cookies primarily for the following purposes:<\/strong><\/p><ul><li>User identification<\/li><li>Session identification<\/li><li>Identification of the access devices<\/li><li>Storage of certain provided data<\/li><li>Tracking and storing location data<\/li><li>Storage and transmission of data necessary for analytical measurements<\/li><\/ul><h3><strong>Session Cookies<\/strong><\/h3><p>These cookies ensure that visitors can browse Dr. M\u00e1ria Farkas\u2019s website smoothly and use its functions and available services without interruption. These session cookies expire at the end of the browsing session and are automatically deleted when the browser or device used for browsing is closed.<\/p><h3><strong>Third-Party Analytics Cookies<\/strong><\/h3><p>The Data Controller uses Google Analytics cookies as a third party on the website. By using Google Analytics for statistical purposes, the Data Controller\u2019s server collects information about how visitors use the website. This data is used to improve the website and enhance the user experience. These cookies remain on the visitor\u2019s computer or device and browser until they expire or the visitor deletes them. For more information about Google Analytics cookies, visit: <a href=\"https:\/\/support.google.com\/analytics\/answer\/11397207?hl=en\">https:\/\/support.google.com\/analytics\/answer\/11397207?hl=en\u00a0<\/a><\/p><h3><strong>Cookie Management and Opt-Out Options<\/strong><\/h3><p>Accepting or enabling cookies is not mandatory. Browsers allow users to refuse all cookies or notify them when a cookie is sent. Most browsers accept cookies by default, but this setting can be changed.<\/p><p>Before disabling all cookies, please be aware that some website functions or services may be impaired or may not function properly without cookies. The most common browsers\u2019 cookie setting guides are available here:<\/p><ul><li><strong>Firefox:<\/strong>\u00a0<a href=\"https:\/\/support.mozilla.org\/en-US\/kb\/enhanced-tracking-protection-firefox-desktop\">Firefox cookie information<\/a><\/li><li><strong>Google Chrome:<\/strong>\u00a0<a href=\"https:\/\/support.google.com\/chrome\/answer\/95647?co=GENIE.PlatformAndroid&amp;hl=en&amp;sjid=10316206155820734627-EU\">Google Chrome cookie information<\/a><\/li><li><strong>Internet Explorer:<\/strong>\u00a0<a href=\"https:\/\/support.microsoft.com\/en-us\/windows\/manage-cookies-in-microsoft-edge-view-allow-block-delete-and-use-168dab11-0753-043d-7c16-ede5947fc64d\">Internet explorer information<\/a><\/li><li><strong>Safari:<\/strong>\u00a0<a href=\"https:\/\/support.apple.com\/en-gb\/guide\/safari\/sfri11471\/mac\">Safari cookie information<\/a><\/li><\/ul><p>Users can disable cookie storage by adjusting their browser settings. However, this may limit the full functionality of the website.<\/p><p>Data collected by Google, including IP addresses, can also be disabled by downloading and installing the browser add-on available at:\u00a0<a href=\"https:\/\/tools.google.com\/dlpage\/gaoptout?hl=en\">https:\/\/tools.google.com\/dlpage\/gaoptout?hl=en<\/a><\/p><h3><strong>Contact Information of the Hungarian National Authority for Data Protection and Freedom of Information (NAIH)<\/strong><\/h3><p>Complaints regarding potential violations by the Data Controller can be submitted to the NAIH at:<\/p><p><strong>Name:<\/strong>\u00a0Hungarian National Authority for Data Protection and Freedom of Information (NAIH)<\/p><p><strong>Registered Office:<\/strong>\u00a01125 Budapest, Szil\u00e1gyi Erzs\u00e9bet fasor 22\/C.<\/p><p><strong>Mailing Address<\/strong>\u00a01530 Budapest, P.O. Box 5<\/p><p><strong>Phone<\/strong>\u00a0+36 (1) 391-1400<\/p><p><strong>Fax:<\/strong>\u00a0+36 (1) 391-1410<\/p><p><strong>E-mail:\u00a0<\/strong>ugyfelszolgalat@naih.hu<\/p><p><strong>Website<\/strong><a href=\"https:\/\/www.naih.hu\/about-the-authority\">\u00a0https:\/\/www.naih.hu\/about-the-authority<\/a><\/p><p>Updated: 2025.07.18.<\/p>\t\t\t\t\t\t\t\t<\/div>\n\t\t\t\t<\/div>\n\t\t\t\t\t<\/div>\n\t\t\t\t<\/div>\n\t\t\t\t<\/div>","protected":false},"excerpt":{"rendered":"<p>Adatv\u00e9delmi nyilatkozat Jelen dokumentum c\u00e9lja, hogy Dr. Farkas M\u00e1ria, mint adatkezel\u0151 (a tov\u00e1bbiakban egys\u00e9gesen Adatkezel\u0151) le\u00edrja az Adatkezel\u0151 szervezet\u00e9ben alkalmazott \u00e9s m\u0171k\u00f6d\u0151, szem\u00e9lyes adatnak min\u0151s\u00fcl\u0151 adatokra vonatkoz\u00f3 adatv\u00e9delmi szab\u00e1lyokat, elj\u00e1r\u00e1sokat \u00e9s v\u00e9delmi int\u00e9zked\u00e9seket. Az Adatkezel\u0151 egy\u00fattal e dokumentumban t\u00e1j\u00e9koztatja \u00fcgyfeleit, partnereit, illet\u0151leg minden olyan term\u00e9szetes- \u00e9s jogi szem\u00e9lyt, akik az Adatkezel\u0151vel b\u00e1rmilyen \u2013 jogi szempontb\u00f3l [&hellip;]<\/p>","protected":false},"author":1,"featured_media":0,"parent":0,"menu_order":0,"comment_status":"closed","ping_status":"closed","template":"","meta":{"site-sidebar-layout":"no-sidebar","site-content-layout":"page-builder","ast-site-content-layout":"","site-content-style":"default","site-sidebar-style":"default","ast-global-header-display":"","ast-banner-title-visibility":"","ast-main-header-display":"","ast-hfb-above-header-display":"","ast-hfb-below-header-display":"","ast-hfb-mobile-header-display":"","site-post-title":"disabled","ast-breadcrumbs-content":"disabled","ast-featured-img":"disabled","footer-sml-layout":"","theme-transparent-header-meta":"enabled","adv-header-id-meta":"","stick-header-meta":"","header-above-stick-meta":"","header-main-stick-meta":"","header-below-stick-meta":"","astra-migrate-meta-layouts":"default","ast-page-background-enabled":"default","ast-page-background-meta":{"desktop":{"background-color":"","background-image":"","background-repeat":"repeat","background-position":"center center","background-size":"auto","background-attachment":"scroll","background-type":"","background-media":"","overlay-type":"","overlay-color":"","overlay-opacity":"","overlay-gradient":""},"tablet":{"background-color":"","background-image":"","background-repeat":"repeat","background-position":"center center","background-size":"auto","background-attachment":"scroll","background-type":"","background-media":"","overlay-type":"","overlay-color":"","overlay-opacity":"","overlay-gradient":""},"mobile":{"background-color":"","background-image":"","background-repeat":"repeat","background-position":"center center","background-size":"auto","background-attachment":"scroll","background-type":"","background-media":"","overlay-type":"","overlay-color":"","overlay-opacity":"","overlay-gradient":""}},"ast-content-background-meta":{"desktop":{"background-color":"var(--ast-global-color-5)","background-image":"","background-repeat":"repeat","background-position":"center center","background-size":"auto","background-attachment":"scroll","background-type":"","background-media":"","overlay-type":"","overlay-color":"","overlay-opacity":"","overlay-gradient":""},"tablet":{"background-color":"var(--ast-global-color-5)","background-image":"","background-repeat":"repeat","background-position":"center center","background-size":"auto","background-attachment":"scroll","background-type":"","background-media":"","overlay-type":"","overlay-color":"","overlay-opacity":"","overlay-gradient":""},"mobile":{"background-color":"var(--ast-global-color-5)","background-image":"","background-repeat":"repeat","background-position":"center center","background-size":"auto","background-attachment":"scroll","background-type":"","background-media":"","overlay-type":"","overlay-color":"","overlay-opacity":"","overlay-gradient":""}},"footnotes":""},"class_list":["post-1167","page","type-page","status-publish","hentry"],"_links":{"self":[{"href":"https:\/\/www.drmariafarkas.com\/en\/wp-json\/wp\/v2\/pages\/1167","targetHints":{"allow":["GET"]}}],"collection":[{"href":"https:\/\/www.drmariafarkas.com\/en\/wp-json\/wp\/v2\/pages"}],"about":[{"href":"https:\/\/www.drmariafarkas.com\/en\/wp-json\/wp\/v2\/types\/page"}],"author":[{"embeddable":true,"href":"https:\/\/www.drmariafarkas.com\/en\/wp-json\/wp\/v2\/users\/1"}],"replies":[{"embeddable":true,"href":"https:\/\/www.drmariafarkas.com\/en\/wp-json\/wp\/v2\/comments?post=1167"}],"version-history":[{"count":28,"href":"https:\/\/www.drmariafarkas.com\/en\/wp-json\/wp\/v2\/pages\/1167\/revisions"}],"predecessor-version":[{"id":1630,"href":"https:\/\/www.drmariafarkas.com\/en\/wp-json\/wp\/v2\/pages\/1167\/revisions\/1630"}],"wp:attachment":[{"href":"https:\/\/www.drmariafarkas.com\/en\/wp-json\/wp\/v2\/media?parent=1167"}],"curies":[{"name":"wp","href":"https:\/\/api.w.org\/{rel}","templated":true}]}}